{"id":578,"date":"2012-08-29T21:49:56","date_gmt":"2012-08-29T19:49:56","guid":{"rendered":"http:\/\/www.holliesoft.de\/weblog\/?page_id=578"},"modified":"2023-01-27T23:45:39","modified_gmt":"2023-01-27T21:45:39","slug":"aufgaben-roadmap","status":"publish","type":"page","link":"https:\/\/www.holliesoft.de\/weblog\/software\/aufgaben\/aufgaben-roadmap\/","title":{"rendered":"Aufgaben: Roadmap"},"content":{"rendered":"<table class=\"table\">\n<tbody>\n<tr style=\"height: 21px;\">\n<td style=\"height: 21px;\" valign=\"top\" width=\"307\"><strong>Versionsnummer(n)<\/strong><\/td>\n<td style=\"height: 21px;\" valign=\"top\" width=\"307\"><strong>Beschreibung, wichtige Features<\/strong><\/td>\n<td style=\"height: 21px;\" valign=\"top\" width=\"307\"><strong>Geplante Ver\u00f6ffentlichung<\/strong><\/td>\n<\/tr>\n<tr>\n<td>1.15. und weitere<\/td>\n<td>\n<ul>\n<li>\u00dcberarbeitung Ansichts-Toolbar<\/li>\n<\/ul>\n<\/td>\n<td>noch nicht geplant<\/td>\n<\/tr>\n<tr style=\"height: 51px;\">\n<td style=\"height: 51px;\" valign=\"top\" width=\"307\">2.0.x<\/td>\n<td style=\"height: 51px;\" valign=\"top\" width=\"307\">\n<ul>\n<li>Komplette Umstellung der Anwendung auf die modernere Technologie WPF mit .Net 6<\/li>\n<li>Komplette \u00dcberarbeitung der Benutzeroberfl\u00e4che f\u00fcr schnellere Bearbeitung der Aufgaben<\/li>\n<\/ul>\n<\/td>\n<td style=\"height: 51px;\" valign=\"top\" width=\"307\">\n<ul>\n<li>Entwicklung gestartet im Januar 2023<\/li>\n<\/ul>\n<p>Gesch\u00e4tzte Entwicklungsdauer 1 Jahr<\/td>\n<\/tr>\n<\/tbody>\n<\/table>\n<p>Stand: 27.01.2023<\/p>\n<div class=\"ms-editor-squiggler\" style=\"color: initial; font: initial; font-feature-settings: initial; font-kerning: initial; font-optical-sizing: initial; font-variation-settings: initial; forced-color-adjust: initial; text-orientation: initial; text-rendering: initial; -webkit-font-smoothing: initial; -webkit-locale: initial; -webkit-text-orientation: initial; -webkit-writing-mode: initial; writing-mode: initial; zoom: initial; place-content: initial; place-items: initial; place-self: initial; alignment-baseline: initial; animation: initial; appearance: initial; aspect-ratio: initial; backdrop-filter: initial; backface-visibility: initial; background: initial; background-blend-mode: initial; baseline-shift: initial; block-size: initial; border-block: initial; border: initial; border-radius: initial; border-collapse: initial; border-end-end-radius: initial; border-end-start-radius: initial; border-inline: initial; border-start-end-radius: initial; border-start-start-radius: initial; inset: initial; box-shadow: initial; box-sizing: initial; break-after: initial; break-before: initial; break-inside: initial; buffered-rendering: initial; caption-side: initial; caret-color: initial; clear: initial; clip: initial; clip-path: initial; clip-rule: initial; color-interpolation: initial; color-interpolation-filters: initial; color-rendering: initial; color-scheme: initial; columns: initial; column-fill: initial; gap: initial; column-rule: initial; column-span: initial; contain: initial; contain-intrinsic-size: initial; content: initial; content-visibility: initial; counter-increment: initial; counter-reset: initial; counter-set: initial; cursor: initial; cx: initial; cy: initial; d: initial; display: block; dominant-baseline: initial; empty-cells: initial; fill: initial; fill-opacity: initial; fill-rule: initial; filter: initial; flex: initial; flex-flow: initial; float: initial; flood-color: initial; flood-opacity: initial; grid: initial; grid-area: initial; height: 0px; hyphens: initial; image-orientation: initial; image-rendering: initial; inline-size: initial; inset-block: initial; inset-inline: initial; isolation: initial; letter-spacing: initial; lighting-color: initial; line-break: initial; list-style: initial; margin-block: initial; margin: initial; margin-inline: initial; marker: initial; mask: initial; mask-type: initial; max-block-size: initial; max-height: initial; max-inline-size: initial; max-width: initial; min-block-size: initial; min-height: initial; min-inline-size: initial; min-width: initial; mix-blend-mode: initial; object-fit: initial; object-position: initial; offset: initial; opacity: initial; order: initial; origin-trial-test-property: initial; orphans: initial; outline: initial; outline-offset: initial; overflow-anchor: initial; overflow-wrap: initial; overflow: initial; overscroll-behavior-block: initial; overscroll-behavior-inline: initial; overscroll-behavior: initial; padding-block: initial; padding: initial; padding-inline: initial; page: initial; page-orientation: initial; paint-order: initial; perspective: initial; perspective-origin: initial; pointer-events: initial; position: initial; quotes: initial; r: initial; resize: initial; ruby-position: initial; rx: initial; ry: initial; scroll-behavior: initial; scroll-margin-block: initial; scroll-margin: initial; scroll-margin-inline: initial; scroll-padding-block: initial; scroll-padding: initial; scroll-padding-inline: initial; scroll-snap-align: initial; scroll-snap-stop: initial; scroll-snap-type: initial; shape-image-threshold: initial; shape-margin: initial; shape-outside: initial; shape-rendering: initial; size: initial; speak: initial; stop-color: initial; stop-opacity: initial; stroke: initial; stroke-dasharray: initial; stroke-dashoffset: initial; stroke-linecap: initial; stroke-linejoin: initial; stroke-miterlimit: initial; stroke-opacity: initial; stroke-width: initial; tab-size: initial; table-layout: initial; text-align: initial; text-align-last: initial; text-anchor: initial; text-combine-upright: initial; text-decoration: initial; text-decoration-skip-ink: initial; text-indent: initial; text-overflow: initial; text-shadow: initial; text-size-adjust: initial; text-transform: initial; text-underline-offset: initial; text-underline-position: initial; touch-action: initial; transform: initial; transform-box: initial; transform-origin: initial; transform-style: initial; transition: initial; user-select: initial; vector-effect: initial; vertical-align: initial; visibility: initial; -webkit-app-region: initial; border-spacing: initial; -webkit-border-image: initial; -webkit-box-align: initial; -webkit-box-decoration-break: initial; -webkit-box-direction: initial; -webkit-box-flex: initial; -webkit-box-ordinal-group: initial; -webkit-box-orient: initial; -webkit-box-pack: initial; -webkit-box-reflect: initial; -webkit-highlight: initial; -webkit-hyphenate-character: initial; -webkit-line-break: initial; -webkit-line-clamp: initial; -webkit-mask-box-image: initial; -webkit-mask: initial; -webkit-mask-composite: initial; -webkit-perspective-origin-x: initial; -webkit-perspective-origin-y: initial; -webkit-print-color-adjust: initial; -webkit-rtl-ordering: initial; -webkit-ruby-position: initial; -webkit-tap-highlight-color: initial; -webkit-text-combine: initial; -webkit-text-decorations-in-effect: initial; -webkit-text-emphasis: initial; -webkit-text-emphasis-position: initial; -webkit-text-fill-color: initial; -webkit-text-security: initial; -webkit-text-stroke: initial; -webkit-transform-origin-x: initial; -webkit-transform-origin-y: initial; -webkit-transform-origin-z: initial; -webkit-user-drag: initial; -webkit-user-modify: initial; white-space: initial; widows: initial; width: initial; will-change: initial; word-break: initial; word-spacing: initial; x: initial; y: initial; z-index: initial;\"><\/div>\n","protected":false},"excerpt":{"rendered":"<p>Versionsnummer(n) Beschreibung, wichtige Features Geplante Ver\u00f6ffentlichung 1.15. und weitere \u00dcberarbeitung Ansichts-Toolbar noch nicht geplant 2.0.x Komplette Umstellung der Anwendung auf die modernere Technologie WPF mit .Net 6 Komplette \u00dcberarbeitung der Benutzeroberfl\u00e4che f\u00fcr schnellere Bearbeitung der Aufgaben Entwicklung gestartet im Januar 2023 Gesch\u00e4tzte Entwicklungsdauer 1 Jahr Stand: 27.01.2023 [&#8230;]<\/p>\n<p><a class=\"btn btn-secondary understrap-read-more-link\" href=\"https:\/\/www.holliesoft.de\/weblog\/software\/aufgaben\/aufgaben-roadmap\/\">Weiterlesen\u00a0\u2026<span class=\"screen-reader-text\"> from Aufgaben: Roadmap<\/span><\/a><\/p>\n","protected":false},"author":1,"featured_media":0,"parent":495,"menu_order":0,"comment_status":"closed","ping_status":"closed","template":"","meta":{"footnotes":""},"class_list":["post-578","page","type-page","status-publish","hentry"],"_links":{"self":[{"href":"https:\/\/www.holliesoft.de\/weblog\/wp-json\/wp\/v2\/pages\/578","targetHints":{"allow":["GET"]}}],"collection":[{"href":"https:\/\/www.holliesoft.de\/weblog\/wp-json\/wp\/v2\/pages"}],"about":[{"href":"https:\/\/www.holliesoft.de\/weblog\/wp-json\/wp\/v2\/types\/page"}],"author":[{"embeddable":true,"href":"https:\/\/www.holliesoft.de\/weblog\/wp-json\/wp\/v2\/users\/1"}],"replies":[{"embeddable":true,"href":"https:\/\/www.holliesoft.de\/weblog\/wp-json\/wp\/v2\/comments?post=578"}],"version-history":[{"count":58,"href":"https:\/\/www.holliesoft.de\/weblog\/wp-json\/wp\/v2\/pages\/578\/revisions"}],"predecessor-version":[{"id":1393,"href":"https:\/\/www.holliesoft.de\/weblog\/wp-json\/wp\/v2\/pages\/578\/revisions\/1393"}],"up":[{"embeddable":true,"href":"https:\/\/www.holliesoft.de\/weblog\/wp-json\/wp\/v2\/pages\/495"}],"wp:attachment":[{"href":"https:\/\/www.holliesoft.de\/weblog\/wp-json\/wp\/v2\/media?parent=578"}],"curies":[{"name":"wp","href":"https:\/\/api.w.org\/{rel}","templated":true}]}}