{"id":542,"date":"2012-08-19T18:13:42","date_gmt":"2012-08-19T16:13:42","guid":{"rendered":"http:\/\/www.holliesoft.de\/weblog\/?page_id=542"},"modified":"2019-05-07T20:31:30","modified_gmt":"2019-05-07T18:31:30","slug":"tipps-tricks-faq","status":"publish","type":"page","link":"https:\/\/www.holliesoft.de\/weblog\/tipps-tricks-faq\/","title":{"rendered":"Aufgaben: Tipps, Tricks, FAQ"},"content":{"rendered":"<h3>Ist &#8222;Aufgaben&#8220; zu 100% kostenlos?<\/h3>\n<p>Ja, das Programm &#8222;Aufgaben&#8220; ist zu 100% kostenlos. Sie d\u00fcrfen es sowohl privat als auch gewerblich ohne Lizenzkosten verwenden.<\/p>\n<p>Sie k\u00f6nnen jedoch freiwillig f\u00fcr &#8222;Aufgaben&#8220; spenden, wenn Sie die Weiterentwicklung des Programms unterst\u00fctzen wollen:<\/p>\n<form action=\"https:\/\/www.paypal.com\/cgi-bin\/webscr\" method=\"post\"><input name=\"cmd\" type=\"hidden\" value=\"_s-xclick\" \/>Spenden \u00fcber PayPal:<br \/>\n<input name=\"hosted_button_id\" type=\"hidden\" value=\"AQMY3G4SR9R72\" \/><br \/>\n<input alt=\"Jetzt einfach, schnell und sicher online bezahlen \u2013 mit PayPal.\" name=\"submit\" src=\"https:\/\/www.paypalobjects.com\/de_DE\/DE\/i\/btn\/btn_donateCC_LG.gif\" type=\"image\" \/><\/form>\n<form action=\"https:\/\/www.paypal.com\/cgi-bin\/webscr\" method=\"post\"><img loading=\"lazy\" decoding=\"async\" src=\"https:\/\/www.paypalobjects.com\/de_DE\/i\/scr\/pixel.gif\" alt=\"\" width=\"1\" height=\"1\" border=\"0\" \/>Spenden per Bank\u00fcberweisung:<\/form>\n<form action=\"https:\/\/www.paypal.com\/cgi-bin\/webscr\" method=\"post\">Kontoinhaber: Patrick Semmler<br \/>\nIBAN:\u00a0\u00a0DE45 5065 2124 0137 2369 49<br \/>\nBIC: HELADEF1SLS<\/p>\n<\/form>\n<h3>Darf das Programm in Download-Archiven und auf CDs \/ DVDs angeboten werden?<\/h3>\n<p>Die unver\u00e4nderten Original-Installationsdatei d\u00fcrfen Sie auf eigenen Internetseiten kostenfrei anbieten oder auf CDs und DVDs (z.B. f\u00fcr Heft-CDs von Computermagazinen) ver\u00f6ffentlichen.<\/p>\n<h3>Wie kann ich das Symbol von &#8222;Aufgaben&#8220; in der Taskleiste dauerhaft anzeigen?<\/h3>\n<p>Diese Frage beantwortet ein kleines Video:<\/p>\n<div class=\"lyte-wrapper fourthree\" style=\"width:420px;max-width:100%;margin:5px;\"><div class=\"lyMe\" id=\"WYL_li163RS_sVA\"><div id=\"lyte_li163RS_sVA\" data-src=\"\/\/i.ytimg.com\/vi\/li163RS_sVA\/hqdefault.jpg\" class=\"pL\"><div class=\"tC\"><div class=\"tT\"><\/div><\/div><div class=\"play\"><\/div><div class=\"ctrl\"><div class=\"Lctrl\"><\/div><div class=\"Rctrl\"><\/div><\/div><\/div><noscript><a href=\"https:\/\/youtu.be\/li163RS_sVA\" rel=\"nofollow\"><img loading=\"lazy\" decoding=\"async\" src=\"https:\/\/i.ytimg.com\/vi\/li163RS_sVA\/0.jpg\" alt=\"YouTube-Video-Vorschaubild\" width=\"420\" height=\"295\" \/><br \/>Dieses Video auf YouTube ansehen<\/a><\/noscript><\/div><\/div><div class=\"lL\" style=\"max-width:100%;width:420px;margin:5px;\"><\/div>\n<h3>Wo speichert Aufgaben seine Daten?<\/h3>\n<p>Die Daten von Aufgaben sind im Ordner &#8222;Anwendungsdaten&#8220; im Unterordner &#8222;Holliesoft&#8220; gespeichert.<\/p>\n<p>Den Ordner &#8222;Anwendungsdaten&#8220; k\u00f6nnen Sie am einfachsten aufrufen, wenn Sie auf der Tatatur die Windows-Taste zusammen mit der Taste &#8222;R&#8220; dr\u00fccken und in das erscheinende Fenster &#8222;Ausf\u00fchren&#8220; den Text &#8222;%appdata%&#8220; eingeben und OK klicken.<\/p>\n<h3>Was ist das Microsoft .Net Framework und warum muss ich das f\u00fcr \u201eAufgaben\u201c installieren?<\/h3>\n<p>Das .Net Framework von Microsoft ist eine Erweiterung f\u00fcr Windows, die von immer mehr modernen Programmen ben\u00f6tigt wird. Durch das .Net Framework k\u00f6nnen Anwendungen effizienter und zuverl\u00e4ssiger erstellt werden. Dadurch, dass viele Funktionen durch dieses Framework automatisch bereitgestellt werden, sind Programme, die das Framework benutzen, automatisch kleiner als herk\u00f6mmliche Programme.<\/p>\n<p>In Windows 10 ist das ben\u00f6tigte .Net Framework bereits vorhanden und muss nicht extra installiert werden. Nur unter \u00e4lteren Windows-Versionen ist eine Installation des Net Frameworks notwendig.<\/p>\n<p>&nbsp;<\/p>\n","protected":false},"excerpt":{"rendered":"<p>Ist &#8222;Aufgaben&#8220; zu 100% kostenlos? Ja, das Programm &#8222;Aufgaben&#8220; ist zu 100% kostenlos. Sie d\u00fcrfen es sowohl privat als auch gewerblich ohne Lizenzkosten verwenden. Sie k\u00f6nnen jedoch freiwillig f\u00fcr &#8222;Aufgaben&#8220; spenden, wenn Sie die Weiterentwicklung des Programms unterst\u00fctzen wollen: Spenden \u00fcber PayPal: Spenden per Bank\u00fcberweisung: Kontoinhaber: Patrick Semmler IBAN:\u00a0\u00a0DE45 5065 2124 0137 2369 49 BIC: [&#8230;]<\/p>\n<p><a class=\"btn btn-secondary understrap-read-more-link\" href=\"https:\/\/www.holliesoft.de\/weblog\/tipps-tricks-faq\/\">Weiterlesen\u00a0\u2026<span class=\"screen-reader-text\"> from Aufgaben: Tipps, Tricks, FAQ<\/span><\/a><\/p>\n","protected":false},"author":1,"featured_media":0,"parent":0,"menu_order":0,"comment_status":"closed","ping_status":"closed","template":"","meta":{"footnotes":""},"class_list":["post-542","page","type-page","status-publish","hentry"],"_links":{"self":[{"href":"https:\/\/www.holliesoft.de\/weblog\/wp-json\/wp\/v2\/pages\/542","targetHints":{"allow":["GET"]}}],"collection":[{"href":"https:\/\/www.holliesoft.de\/weblog\/wp-json\/wp\/v2\/pages"}],"about":[{"href":"https:\/\/www.holliesoft.de\/weblog\/wp-json\/wp\/v2\/types\/page"}],"author":[{"embeddable":true,"href":"https:\/\/www.holliesoft.de\/weblog\/wp-json\/wp\/v2\/users\/1"}],"replies":[{"embeddable":true,"href":"https:\/\/www.holliesoft.de\/weblog\/wp-json\/wp\/v2\/comments?post=542"}],"version-history":[{"count":11,"href":"https:\/\/www.holliesoft.de\/weblog\/wp-json\/wp\/v2\/pages\/542\/revisions"}],"predecessor-version":[{"id":1247,"href":"https:\/\/www.holliesoft.de\/weblog\/wp-json\/wp\/v2\/pages\/542\/revisions\/1247"}],"wp:attachment":[{"href":"https:\/\/www.holliesoft.de\/weblog\/wp-json\/wp\/v2\/media?parent=542"}],"curies":[{"name":"wp","href":"https:\/\/api.w.org\/{rel}","templated":true}]}}